{"id":59,"date":"2024-12-06T21:22:27","date_gmt":"2024-12-06T18:22:27","guid":{"rendered":"https:\/\/nadas3darchive.com\/about\/"},"modified":"2026-04-05T22:37:43","modified_gmt":"2026-04-05T19:37:43","slug":"updates","status":"publish","type":"page","link":"https:\/\/nadas3darchive.com\/tr\/updates\/","title":{"rendered":"Hemen G\u00fcncelleyin \u2013 En \u00dcst\u00fcn 3dsMax Ar\u015fivine An\u0131nda Eri\u015fin \u2713"},"content":{"rendered":"<div class=\"wp-block-uagb-container uagb-block-1b3539fb alignfull uagb-is-root-container\"><div class=\"uagb-container-inner-blocks-wrap\">\n<div class=\"wp-block-uagb-advanced-heading uagb-block-1e9f933f\"><h1 class=\"uagb-heading-text\">G\u00fcncelleme Notlar\u0131 <\/h1><\/div>\n<\/div><\/div>\n\n\n\n<div class=\"wp-block-uagb-container uagb-block-a26a8cee alignfull uagb-is-root-container\">\n<div class=\"wp-block-uagb-container uagb-layout-grid uagb-block-bcab295c\">\n<div class=\"wp-block-uagb-info-box uagb-block-5ba8c1e6 uagb-infobox__content-wrap  uagb-infobox-icon-above-title uagb-infobox-image-valign-top\"><div class=\"uagb-ifb-content\"><div class=\"uagb-ifb-title-wrap\"><div class=\"uagb-ifb-separator\"><\/div><\/div><p class=\"uagb-ifb-desc\"><strong>Nadas3Darchive | Ar\u015fiv Durumu &amp; Yol Haritas\u0131<\/strong><br><br><strong>Son G\u00fcncelleme:<\/strong> <strong>05 Nisan 2026<\/strong><br><br>Nadas3Darchive statik bir koleksiyon de\u011fil, ya\u015fayan, hepsi bir arada bir platformdur. Yapt\u0131\u011f\u0131n\u0131z tek bir sat\u0131n al\u0131m, i\u015f ak\u0131\u015f\u0131n\u0131z\u0131 h\u0131zland\u0131rmak i\u00e7in tasarlanm\u0131\u015f, s\u00fcrekli b\u00fcy\u00fcyen kapsaml\u0131 bir profesyonel varl\u0131k ve kaynak k\u00fct\u00fcphanesine eri\u015fim sa\u011flar. Bu sayfa mevcut durumumuzu \u00f6zetlemektedir.<br><br><strong>Ar\u015fiv Durumu: T\u00fcm Ar\u015fivler ve Kaynaklar Art\u0131k Yay\u0131nda!<\/strong><br><br>Nadas3Darchive uygulama geli\u015ftirmesinin tamamland\u0131\u011f\u0131n\u0131, t\u00fcm varl\u0131k ar\u015fivlerinin ve destek kaynaklar\u0131n\u0131n art\u0131k yay\u0131nda ve kullan\u0131ma haz\u0131r oldu\u011funu duyurmaktan heyecan duyuyoruz!<br>Sat\u0131n al\u0131m\u0131n\u0131z, hepsi bir arada platformumuzun tamam\u0131na tam eri\u015fim sa\u011flar. Temel geli\u015ftirme tamamlanm\u0131\u015ft\u0131r ve mevcut odak noktam\u0131z, kalan varl\u0131klar\u0131 h\u0131zla y\u00fcklemek ve t\u00fcm koleksiyonlar\u0131 s\u00fcrekli olarak geni\u015fletmektir.<br><br><strong>T\u00fcm bile\u015fenler tek bir paketin par\u00e7as\u0131d\u0131r:<\/strong><br><br><strong>3D Model Ar\u015fivi:<\/strong> <strong>KULLANIMA HAZIR!<\/strong> <br>Corona i\u00e7in 100.000+ model &amp; V-Ray i\u00e7in 100.000+ model. <br><br><strong>Nadas Doku Ar\u015fivi:<\/strong> <strong>KULLANIMA HAZIR!<\/strong> <br><br><br><strong>Nadas Peyzaj Ar\u015fivi:<\/strong> <strong>KULLANIMA HAZIR!<\/strong> <br>Corona i\u00e7in 10.000+ model &amp; V-Ray i\u00e7in 10.000+ model.<br><br><strong>Nadas Sahne Ar\u015fivi:<\/strong> <strong>KULLANIMA HAZIR!<\/strong> <br><br><br><strong>Nadas HDRI Archive:<\/strong> <strong>KULLANIMA HAZIR!<\/strong> <br><br><br><strong>Nadas E\u011fitimler &amp; Destek:<\/strong> <strong>KULLANIMA HAZIR!<\/strong> <br>(Bu yeni kaynak merkezi ile 3ds Max'te s\u0131k kar\u015f\u0131la\u015f\u0131lan hatalar\u0131n \u00e7\u00f6z\u00fcmlerine, uzman ipu\u00e7lar\u0131na ve geli\u015fmi\u015f i\u015f ak\u0131\u015flar\u0131na eri\u015febileceksiniz. Kar\u015f\u0131la\u015ft\u0131\u011f\u0131n\u0131z sorunlar\u0131 bizlerle payla\u015farak bu sorunlara dair \u00e7\u00f6z\u00fcm videolar\u0131 yay\u0131mlamaya da haz\u0131r\u0131z.)<br><br>Bu yol haritas\u0131, Nadas3Darchive'\u0131 3ds Max profesyonelleri i\u00e7in en de\u011ferli ve kapsaml\u0131 hepsi bir arada varl\u0131k platformu yapma taahh\u00fcd\u00fcm\u00fcz\u00fc yans\u0131tmaktad\u0131r.<br><br><strong>NadasAi <\/strong>: <strong>KULLANIMA HAZIR!<\/strong> <br>Nadas Prompt Pro ile renderlar\u0131n\u0131z i\u00e7in profesyonel promptlar olu\u015fturun.<br>Auto Prompt ile yaln\u0131zca metin yazarak y\u00fcksek kaliteli promptlar \u00fcretin.<br>Nadas Smart Populate ile kendinizi veya m\u00fc\u015fterinizi renderlar\u0131n\u0131za ger\u00e7ek\u00e7i \u015fekilde ekleyin, Nadas Video Pro ile g\u00f6rsellerinizi an\u0131nda animasyona d\u00f6n\u00fc\u015ft\u00fcr\u00fcn.<\/p><\/div><\/div>\n\n\n\n<div class=\"wp-block-uagb-info-box uagb-block-e82da8ca uagb-infobox__content-wrap  uagb-infobox-icon-above-title uagb-infobox-image-valign-top\"><div class=\"uagb-ifb-content\"><div class=\"uagb-ifb-title-wrap\"><div class=\"uagb-ifb-separator\"><\/div><\/div><p class=\"uagb-ifb-desc\">&#8212;&#8212;&#8212;&#8212;&#8212;&#8212;&#8212;&#8212;&#8212;&#8212;&#8212;&#8212;&#8212;&#8212;&#8212;&#8212;&#8212;&#8212;&#8212;&#8212;&#8212;&#8212;&#8212;&#8212;&#8212;&#8212;&#8212;&#8212;&#8212;&#8212;&#8212;&#8212;&#8212;&#8212;&#8212;&#8212;<br><br><strong>Nadas3Darchive | v.1.0.0<\/strong>  <strong>|<\/strong> <strong>06 Kas\u0131m 2025<\/strong><br><br>Nadas3Darchive\u2019in ilk s\u00fcr\u00fcm\u00fc yay\u0131nland\u0131.<br><br>&#8212;&#8212;&#8212;&#8212;&#8212;&#8212;&#8212;&#8212;&#8212;&#8212;&#8212;&#8212;&#8212;&#8212;&#8212;&#8212;&#8212;&#8212;&#8212;&#8212;&#8212;&#8212;&#8212;&#8212;&#8212;&#8212;&#8212;&#8212;&#8212;&#8212;&#8212;&#8212;&#8212;&#8212;&#8212;&#8212;<br><br><strong>Nadas3Darchive | v.1.0.1<\/strong>  <strong>|<\/strong> <strong>17 Kas\u0131m 2025<\/strong><br><br>Performans iyile\u015ftirmeleri ve yeni \u201cG\u00fcncellemeler\u201d sekmesinin eklendi\u011fini duyurmaktan memnuniyet duyuyoruz.<br>Art\u0131k \u00e7ok daha h\u0131zl\u0131 bir kurulum ve g\u00fcncelleme s\u00fcreci deneyimleyebilirsiniz. Ayr\u0131ca bizimle ileti\u015fime ge\u00e7mek her zamankinden daha h\u0131zl\u0131. Size en iyi hizmeti sunmak i\u00e7in buraday\u0131z.<br><br>&#8212;&#8212;&#8212;&#8212;&#8212;&#8212;&#8212;&#8212;&#8212;&#8212;&#8212;&#8212;&#8212;&#8212;&#8212;&#8212;&#8212;&#8212;&#8212;&#8212;&#8212;&#8212;&#8212;&#8212;&#8212;&#8212;&#8212;&#8212;&#8212;&#8212;&#8212;&#8212;&#8212;&#8212;&#8212;&#8212;<br><br><strong>Nadas3Darchive | v.1.0.2<\/strong>  <strong>|<\/strong> <strong>24 Kas\u0131m 2025<\/strong><br><br>Yeni performans iyile\u015ftirmeleri ve tam T\u00fcrk\u00e7e dil deste\u011finin eklendi\u011fini duyurmaktan memnuniyet duyuyoruz.<br>Art\u0131k uygulama i\u00e7inde \u0130ngilizce ve T\u00fcrk\u00e7e aras\u0131nda se\u00e7im yapabilir, Nadas3Darchive\u2019i tercih etti\u011finiz dilde kullanabilirsiniz.<br>Bu geli\u015ftirmelere ek olarak, kurulum ve g\u00fcncelleme s\u00fcre\u00e7leri art\u0131k her zamankinden daha h\u0131zl\u0131 ve daha ak\u0131c\u0131.<br>Size en iyi deneyimi sunmak i\u00e7in her zaman buraday\u0131z.<br><br>&#8212;&#8212;&#8212;&#8212;&#8212;&#8212;&#8212;&#8212;&#8212;&#8212;&#8212;&#8212;&#8212;&#8212;&#8212;&#8212;&#8212;&#8212;&#8212;&#8212;&#8212;&#8212;&#8212;&#8212;&#8212;&#8212;&#8212;&#8212;&#8212;&#8212;&#8212;&#8212;&#8212;&#8212;&#8212;&#8212;<br><br><strong>Nadas3Darchive | v.1.0.3<\/strong>  <strong>|<\/strong> <strong>11 Aral\u0131k 2025<\/strong><br><br>Nadas3Darchive'in ilk yapay zeka destekli 3dsMax ar\u015fivi oldu\u011funu duyurmaktan gurur duyuyoruz. Bu b\u00fcy\u00fck g\u00fcncellemeyle birlikte, art\u0131k Nadas AI deste\u011fini kullanarak sabit renderlar\u0131n\u0131z\u0131 dinamik animasyonlara d\u00f6n\u00fc\u015ft\u00fcrebilirsiniz. Ayr\u0131ca, kendi ki\u015fisel ar\u015fivlerinizi uygulama i\u00e7erisine entegre etmenize ve y\u00f6netmenize olanak tan\u0131yan Yerel K\u00fct\u00fcphane \u00f6zelli\u011fini de kullan\u0131ma sunduk.<br>Size en iyi deneyimi sunmak i\u00e7in her zaman buraday\u0131z.<br><br>&#8212;&#8212;&#8212;&#8212;&#8212;&#8212;&#8212;&#8212;&#8212;&#8212;&#8212;&#8212;&#8212;&#8212;&#8212;&#8212;&#8212;&#8212;&#8212;&#8212;&#8212;&#8212;&#8212;&#8212;&#8212;&#8212;&#8212;&#8212;&#8212;&#8212;&#8212;&#8212;&#8212;&#8212;&#8212;&#8212;<br><br><strong>Nadas3Darchive | v.1.0.4<\/strong>  <strong>|<\/strong> <strong>01 Ocak 2026<\/strong><br><br>&gt;&gt; 3D Models Tab Improvements.<br>&gt;&gt; Nadas AI Model Enhancements.<br>&gt;&gt; Performance and Optimization Upgrades.<br><br>Size en iyi deneyimi sunmak i\u00e7in her zaman buraday\u0131z.<br><br>&#8212;&#8212;&#8212;&#8212;&#8212;&#8212;&#8212;&#8212;&#8212;&#8212;&#8212;&#8212;&#8212;&#8212;&#8212;&#8212;&#8212;&#8212;&#8212;&#8212;&#8212;&#8212;&#8212;&#8212;&#8212;&#8212;&#8212;&#8212;&#8212;&#8212;&#8212;&#8212;&#8212;&#8212;&#8212;&#8212;<br><br><strong>Nadas3Darchive | v.1.0.5<\/strong>  <strong>|<\/strong> <strong>05 Nisan 2026<\/strong><br><br>&gt;&gt; Nadas Prompt Pro ile renderlar\u0131n\u0131z i\u00e7in profesyonel promptlar olu\u015fturun.<br>&gt;&gt; Auto Prompt ile yaln\u0131zca metin yazarak y\u00fcksek kaliteli promptlar \u00fcretin.<br>&gt;&gt; Nadas Smart Populate ile kendinizi veya m\u00fc\u015fterinizi renderlar\u0131n\u0131za ger\u00e7ek\u00e7i \u015fekilde ekleyin, Nadas Video Pro ile g\u00f6rsellerinizi an\u0131nda animasyona d\u00f6n\u00fc\u015ft\u00fcr\u00fcn.<br><br>Size en iyi deneyimi sunmak i\u00e7in her zaman buraday\u0131z.<br><br>&#8212;&#8212;&#8212;&#8212;&#8212;&#8212;&#8212;&#8212;&#8212;&#8212;&#8212;&#8212;&#8212;&#8212;&#8212;&#8212;&#8212;&#8212;&#8212;&#8212;&#8212;&#8212;&#8212;&#8212;&#8212;&#8212;&#8212;&#8212;&#8212;&#8212;&#8212;&#8212;&#8212;&#8212;&#8212;&#8212;<br><\/p><\/div><\/div>\n<\/div>\n<\/div>\n\n\n\n\n\n<p><\/p>","protected":false},"excerpt":{"rendered":"<p>G\u00fcncelleme Notlar\u0131<\/p>","protected":false},"author":1,"featured_media":0,"parent":0,"menu_order":0,"comment_status":"closed","ping_status":"closed","template":"","meta":{"_uag_custom_page_level_css":"","site-sidebar-layout":"no-sidebar","site-content-layout":"plain-container","ast-site-content-layout":"full-width-container","site-content-style":"default","site-sidebar-style":"default","ast-global-header-display":"","ast-banner-title-visibility":"","ast-main-header-display":"","ast-hfb-above-header-display":"","ast-hfb-below-header-display":"","ast-hfb-mobile-header-display":"","site-post-title":"disabled","ast-breadcrumbs-content":"","ast-featured-img":"","footer-sml-layout":"","theme-transparent-header-meta":"enabled","adv-header-id-meta":"","stick-header-meta":"","header-above-stick-meta":"","header-main-stick-meta":"","header-below-stick-meta":"","astra-migrate-meta-layouts":"set","ast-page-background-enabled":"default","ast-page-background-meta":{"desktop":{"background-color":"","background-image":"","background-repeat":"repeat","background-position":"center center","background-size":"auto","background-attachment":"scroll","background-type":"","background-media":"","overlay-type":"","overlay-color":"","overlay-opacity":"","overlay-gradient":""},"tablet":{"background-color":"","background-image":"","background-repeat":"repeat","background-position":"center center","background-size":"auto","background-attachment":"scroll","background-type":"","background-media":"","overlay-type":"","overlay-color":"","overlay-opacity":"","overlay-gradient":""},"mobile":{"background-color":"","background-image":"","background-repeat":"repeat","background-position":"center center","background-size":"auto","background-attachment":"scroll","background-type":"","background-media":"","overlay-type":"","overlay-color":"","overlay-opacity":"","overlay-gradient":""}},"ast-content-background-meta":{"desktop":{"background-color":"var(--ast-global-color-5)","background-image":"","background-repeat":"repeat","background-position":"center center","background-size":"auto","background-attachment":"scroll","background-type":"","background-media":"","overlay-type":"","overlay-color":"","overlay-opacity":"","overlay-gradient":""},"tablet":{"background-color":"var(--ast-global-color-5)","background-image":"","background-repeat":"repeat","background-position":"center center","background-size":"auto","background-attachment":"scroll","background-type":"","background-media":"","overlay-type":"","overlay-color":"","overlay-opacity":"","overlay-gradient":""},"mobile":{"background-color":"var(--ast-global-color-5)","background-image":"","background-repeat":"repeat","background-position":"center center","background-size":"auto","background-attachment":"scroll","background-type":"","background-media":"","overlay-type":"","overlay-color":"","overlay-opacity":"","overlay-gradient":""}},"footnotes":""},"class_list":["post-59","page","type-page","status-publish","hentry"],"aioseo_notices":[],"uagb_featured_image_src":{"full":false,"thumbnail":false,"medium":false,"medium_large":false,"large":false,"1536x1536":false,"2048x2048":false,"trp-custom-language-flag":false,"woocommerce_thumbnail":false,"woocommerce_single":false,"woocommerce_gallery_thumbnail":false},"uagb_author_info":{"display_name":"abdullah sait sar\u0131","author_link":"https:\/\/nadas3darchive.com\/tr\/author\/nadas3darchivegmail-com\/"},"uagb_comment_info":0,"uagb_excerpt":"Release Notes","_links":{"self":[{"href":"https:\/\/nadas3darchive.com\/tr\/wp-json\/wp\/v2\/pages\/59","targetHints":{"allow":["GET"]}}],"collection":[{"href":"https:\/\/nadas3darchive.com\/tr\/wp-json\/wp\/v2\/pages"}],"about":[{"href":"https:\/\/nadas3darchive.com\/tr\/wp-json\/wp\/v2\/types\/page"}],"author":[{"embeddable":true,"href":"https:\/\/nadas3darchive.com\/tr\/wp-json\/wp\/v2\/users\/1"}],"replies":[{"embeddable":true,"href":"https:\/\/nadas3darchive.com\/tr\/wp-json\/wp\/v2\/comments?post=59"}],"version-history":[{"count":48,"href":"https:\/\/nadas3darchive.com\/tr\/wp-json\/wp\/v2\/pages\/59\/revisions"}],"predecessor-version":[{"id":4201,"href":"https:\/\/nadas3darchive.com\/tr\/wp-json\/wp\/v2\/pages\/59\/revisions\/4201"}],"wp:attachment":[{"href":"https:\/\/nadas3darchive.com\/tr\/wp-json\/wp\/v2\/media?parent=59"}],"curies":[{"name":"wp","href":"https:\/\/api.w.org\/{rel}","templated":true}]}}