{"id":2916,"date":"2024-12-08T13:29:59","date_gmt":"2024-12-08T10:29:59","guid":{"rendered":"https:\/\/nadas3darchive.com\/?post_type=product&#038;p=2916"},"modified":"2026-04-06T09:48:55","modified_gmt":"2026-04-06T06:48:55","slug":"nadas-interior-exterior-archive","status":"publish","type":"product","link":"https:\/\/nadas3darchive.com\/tr\/urun\/nadas-interior-exterior-archive\/","title":{"rendered":"Nadas \u0130\u00e7\/D\u0131\u015f Mekan Ar\u015fivi"},"content":{"rendered":"<p><strong>Yeni Nesil 3ds Max Varl\u0131k Platformu \u2013 Terabaytlarca Depolama Alan\u0131na Elveda Deyin <\/strong><\/p>\n<p>Terabaytlarca harici sabit diski, saatlerce s\u00fcren \"relink\" (yol tan\u0131mlama) i\u015flemlerini ve render motoru uyumsuzluklar\u0131n\u0131 unutun. Nadas3Darchive, h\u0131z ve verimlilik i\u00e7in tasarlanm\u0131\u015f, t\u00fcm bu sorunlar\u0131 ortadan kald\u0131ran yeni nesil, bulut tabanl\u0131 bir 3ds Max varl\u0131k platformudur.<\/p>\n<p><strong>Sizin Motorunuz, Sizin Se\u00e7iminiz: Corona ve V-Ray i\u00e7in Orijinal Varl\u0131klar <\/strong><\/p>\n<p>Kusursuz bir i\u015f ak\u0131\u015f\u0131n\u0131n, render motorunuz i\u00e7in \"orijinal\" olarak olu\u015fturulmu\u015f varl\u0131klar\u0131 kullanmak anlam\u0131na geldi\u011fini biliyoruz. Bu nedenle Nadas3Darchive, modeller ve malzemeler i\u00e7in \u00f6zel olarak haz\u0131rlanm\u0131\u015f, birle\u015fik bir platform sunar.<\/p>\n<p>Corona Ar\u015fivi: Corona Renderer'da m\u00fcmk\u00fcn olan en iyi performans ve kalite i\u00e7in optimize edilmi\u015f ayarlar\u0131 kullanan 100.000'den fazla modele ve b\u00fcy\u00fcyen bir haz\u0131r malzeme k\u00fct\u00fcphanesine eri\u015fim sa\u011flayan orijinal Corona ar\u015fivimizi se\u00e7in.<\/p>\n<p>V-Ray Ar\u015fivi: Sekt\u00f6r standard\u0131 render motoruyla kusursuz \u00e7al\u0131\u015fmak i\u00e7in, 100.000'den fazla modele ve an\u0131nda kullan\u0131ma haz\u0131r eksiksiz bir malzeme k\u00fct\u00fcphanesine sahip orijinal V-Ray ar\u015fivimizi se\u00e7in.<\/p>\n<p>Her \u0130kisi (\u00dcst D\u00fczey Ara\u00e7 Seti): Maksimum esneklik i\u00e7in, 200.000'den fazla modelden olu\u015fan dev bir k\u00fct\u00fcphaneye art\u0131 eksiksiz doku ve peyzaj koleksiyonlar\u0131na tam eri\u015fim elde etmek i\u00e7in 'Her \u0130kisi' se\u00e7ene\u011fini tercih edin. St\u00fcdyolar ve \u00e7ok y\u00f6nl\u00fc sanat\u00e7\u0131lar i\u00e7in idealdir.<\/p>\n<p><strong>3 Basit Ad\u0131mda M\u00fckemmel Plan\u0131n\u0131z\u0131 Olu\u015fturun<\/strong><\/p>\n<p>\u0130\u015f ak\u0131\u015f\u0131n\u0131z benzersizdir, bu y\u00fczden varl\u0131k ar\u015fiviniz de \u00f6yle olmal\u0131. Sayfan\u0131n \u00fcst k\u0131sm\u0131ndaki se\u00e7eneklerle eri\u015fiminizi \u00f6zelle\u015ftirin:<\/p>\n<p>Render Motorunuzu Se\u00e7in: Corona, V-Ray veya her ikisini birden se\u00e7in.<\/p>\n<p>Eri\u015fim S\u00fcrenizi Belirleyin: Uzun vadeli de\u011fer i\u00e7in 1 Ay, 1 Y\u0131l veya \u00d6m\u00fcr Boyu lisans aras\u0131ndan se\u00e7im yap\u0131n.<\/p>\n<p>Plan\u0131n\u0131z\u0131 Se\u00e7in: G\u00fcnl\u00fck indirme kapasitenizi belirleyen ayl\u0131k ve y\u0131ll\u0131k planlar\u0131m\u0131z aras\u0131ndan se\u00e7im yap\u0131n. Bu esneklik, i\u015f ak\u0131\u015f\u0131n\u0131za en uygun plan\u0131 se\u00e7menizi sa\u011flar.<\/p>\n<p><strong>Sorunsuz \u0130\u015fleyen Bir \u0130\u015f Ak\u0131\u015f\u0131<\/strong><br \/>\n\u2705 Dev Ekosistem, Minimum Alan: 10 TB+ b\u00fcy\u00fcyen model, malzeme ve peyzaj ar\u015fivimize bilgisayar\u0131n\u0131zda yaln\u0131zca birka\u00e7 gigabayt kullanarak eri\u015fin.<br \/>\n\u2705 Tek T\u0131kla Entegrasyon: Nadas3Darchive masa\u00fcst\u00fc uygulamas\u0131ndan istedi\u011finiz varl\u0131\u011f\u0131 indirin ve do\u011frudan sahnenize s\u00fcr\u00fckleyin.<br \/>\n\u2705 S\u0131f\u0131r Teknik Sorun: T\u00fcm varl\u0131klar\u0131n\u0131z i\u00e7in manuel \"relink\" (yol tan\u0131mlama), d\u00f6n\u00fc\u015ft\u00fcrme ve \"Missing Bitmaps\" hatalar\u0131na kesin \u00e7\u00f6z\u00fcm.<\/p>\n<p><strong>Sizinle Birlikte B\u00fcy\u00fcyen Bir Ar\u015fiv<\/strong><\/p>\n<p>Sat\u0131n al\u0131m\u0131n\u0131z statik bir k\u00fct\u00fcphane i\u00e7in de\u011fildir. Ar\u015five s\u00fcrekli olarak yeni, profesyonel ve trend belirleyen modeller, malzemeler ve peyzaj varl\u0131klar\u0131 ekliyoruz. Eri\u015fim s\u00fcreniz boyunca (1 Ay, 1 Y\u0131l veya \u00d6m\u00fcr Boyu) ekledi\u011fimiz her yeni varl\u0131\u011fa sahip olacak ve ara\u00e7 setinizi her g\u00fcn daha de\u011ferli hale getireceksiniz.<\/p>\n<p><strong>Daha ak\u0131ll\u0131ca tasarlay\u0131n. Daha h\u0131zl\u0131 olu\u015fturun. Yarat\u0131c\u0131 kal\u0131n.<\/strong><\/p>","protected":false},"excerpt":{"rendered":"<p><strong>Devasa, s\u00fcrekli b\u00fcy\u00fcyen 10 TB+ varl\u0131k ekosistemine an\u0131nda eri\u015fin. Tek aboneli\u011finiz, 100.000+ orijinal Corona, 100.000+ orijinal V-Ray model i\u00e7eren 3D model ar\u015fivimizin tamam\u0131n\u0131n yan\u0131 s\u0131ra, geni\u015fleyen Texture (Doku) ve Landscape (Peyzaj) ar\u015fivlerimizin de kilidini a\u00e7ar.<\/strong><\/p>\n<p><strong>T\u00fcm varl\u0131klara (modeller, dokular ve peyzaj varl\u0131klar\u0131) terabaytlarca yerel depolama alan\u0131ndan tasarruf etmenizi sa\u011flayan devrim niteli\u011findeki masa\u00fcst\u00fc uygulamam\u0131z \u00fczerinden eri\u015filir. Tek t\u0131kla indirin ve do\u011frudan 3ds Max'e s\u00fcr\u00fckleyip b\u0131rak\u0131n. Tamamen \"relink\" yap\u0131lm\u0131\u015f modeller, profesyonelce haz\u0131rlanm\u0131\u015f, render'a haz\u0131r malzemeler ve sahneye haz\u0131r peyzaj varl\u0131klar\u0131 elde edin - s\u0131f\u0131r zaman kayb\u0131.<\/strong><\/p>\n<p><strong>\u0130\u015f ak\u0131\u015f\u0131n\u0131z\u0131 d\u00f6n\u00fc\u015ft\u00fcrmeye haz\u0131r m\u0131s\u0131n\u0131z? M\u00fckemmel plan\u0131n\u0131z\u0131 olu\u015fturmak i\u00e7in a\u015fa\u011f\u0131daki se\u00e7enekleri kullanarak tercih etti\u011finiz Render Motorunu, Eri\u015fim S\u00fcresini ve Abonelik Plan\u0131n\u0131z\u0131 se\u00e7meniz yeterli.<\/strong><\/p>","protected":false},"featured_media":3513,"comment_status":"open","ping_status":"closed","template":"","meta":{"_uag_custom_page_level_css":"","site-sidebar-layout":"default","site-content-layout":"default","ast-site-content-layout":"default","site-content-style":"default","site-sidebar-style":"default","ast-global-header-display":"","ast-banner-title-visibility":"","ast-main-header-display":"","ast-hfb-above-header-display":"","ast-hfb-below-header-display":"","ast-hfb-mobile-header-display":"","site-post-title":"","ast-breadcrumbs-content":"","ast-featured-img":"","footer-sml-layout":"","theme-transparent-header-meta":"default","adv-header-id-meta":"","stick-header-meta":"default","header-above-stick-meta":"","header-main-stick-meta":"","header-below-stick-meta":"","astra-migrate-meta-layouts":"set","ast-page-background-enabled":"default","ast-page-background-meta":{"desktop":{"background-color":"","background-image":"","background-repeat":"repeat","background-position":"center center","background-size":"auto","background-attachment":"scroll","background-type":"","background-media":"","overlay-type":"","overlay-color":"","overlay-opacity":"","overlay-gradient":""},"tablet":{"background-color":"","background-image":"","background-repeat":"repeat","background-position":"center center","background-size":"auto","background-attachment":"scroll","background-type":"","background-media":"","overlay-type":"","overlay-color":"","overlay-opacity":"","overlay-gradient":""},"mobile":{"background-color":"","background-image":"","background-repeat":"repeat","background-position":"center center","background-size":"auto","background-attachment":"scroll","background-type":"","background-media":"","overlay-type":"","overlay-color":"","overlay-opacity":"","overlay-gradient":""}},"ast-content-background-meta":{"desktop":{"background-color":"var(--ast-global-color-5)","background-image":"","background-repeat":"repeat","background-position":"center center","background-size":"auto","background-attachment":"scroll","background-type":"","background-media":"","overlay-type":"","overlay-color":"","overlay-opacity":"","overlay-gradient":""},"tablet":{"background-color":"var(--ast-global-color-5)","background-image":"","background-repeat":"repeat","background-position":"center center","background-size":"auto","background-attachment":"scroll","background-type":"","background-media":"","overlay-type":"","overlay-color":"","overlay-opacity":"","overlay-gradient":""},"mobile":{"background-color":"var(--ast-global-color-5)","background-image":"","background-repeat":"repeat","background-position":"center center","background-size":"auto","background-attachment":"scroll","background-type":"","background-media":"","overlay-type":"","overlay-color":"","overlay-opacity":"","overlay-gradient":""}}},"product_brand":[],"product_cat":[87],"product_tag":[],"class_list":{"0":"post-2916","1":"product","2":"type-product","3":"status-publish","4":"has-post-thumbnail","6":"product_cat-nadas-interior-exterior-archive","7":"desktop-align-left","8":"tablet-align-left","9":"mobile-align-left","11":"first","12":"instock","13":"purchasable","14":"product-type-variable"},"aioseo_notices":[],"uagb_featured_image_src":{"full":["https:\/\/nadas3darchive.com\/wp-content\/uploads\/2024\/12\/nds1.0.0_corona.jpg",1155,907,false],"thumbnail":["https:\/\/nadas3darchive.com\/wp-content\/uploads\/2024\/12\/nds1.0.0_corona-150x150.jpg",150,150,true],"medium":["https:\/\/nadas3darchive.com\/wp-content\/uploads\/2024\/12\/nds1.0.0_corona-300x236.jpg",300,236,true],"medium_large":["https:\/\/nadas3darchive.com\/wp-content\/uploads\/2024\/12\/nds1.0.0_corona-768x603.jpg",768,603,true],"large":["https:\/\/nadas3darchive.com\/wp-content\/uploads\/2024\/12\/nds1.0.0_corona-1024x804.jpg",1024,804,true],"1536x1536":["https:\/\/nadas3darchive.com\/wp-content\/uploads\/2024\/12\/nds1.0.0_corona.jpg",1155,907,false],"2048x2048":["https:\/\/nadas3darchive.com\/wp-content\/uploads\/2024\/12\/nds1.0.0_corona.jpg",1155,907,false],"trp-custom-language-flag":["https:\/\/nadas3darchive.com\/wp-content\/uploads\/2024\/12\/nds1.0.0_corona.jpg",15,12,false],"woocommerce_thumbnail":["https:\/\/nadas3darchive.com\/wp-content\/uploads\/2024\/12\/nds1.0.0_corona-300x225.jpg",300,225,true],"woocommerce_single":["https:\/\/nadas3darchive.com\/wp-content\/uploads\/2024\/12\/nds1.0.0_corona-600x471.jpg",600,471,true],"woocommerce_gallery_thumbnail":["https:\/\/nadas3darchive.com\/wp-content\/uploads\/2024\/12\/nds1.0.0_corona-100x100.jpg",100,100,true]},"uagb_author_info":{"display_name":"abdullah sait sar\u0131","author_link":"https:\/\/nadas3darchive.com\/tr\/author\/"},"uagb_comment_info":0,"uagb_excerpt":"Instantly access a massive, ever-growing 10 TB+ asset ecosystem. Your single subscription unlocks our complete 3D model library (100,000+ native Corona, 100,000+ native V-Ray) plus our expanding Texture and Landscape archives. All assets (models, textures, and landscapes) are accessed through a revolutionary desktop app that saves you terabytes of local storage. Download with a single&hellip;","_links":{"self":[{"href":"https:\/\/nadas3darchive.com\/tr\/wp-json\/wp\/v2\/product\/2916","targetHints":{"allow":["GET"]}}],"collection":[{"href":"https:\/\/nadas3darchive.com\/tr\/wp-json\/wp\/v2\/product"}],"about":[{"href":"https:\/\/nadas3darchive.com\/tr\/wp-json\/wp\/v2\/types\/product"}],"replies":[{"embeddable":true,"href":"https:\/\/nadas3darchive.com\/tr\/wp-json\/wp\/v2\/comments?post=2916"}],"wp:featuredmedia":[{"embeddable":true,"href":"https:\/\/nadas3darchive.com\/tr\/wp-json\/wp\/v2\/media\/3513"}],"wp:attachment":[{"href":"https:\/\/nadas3darchive.com\/tr\/wp-json\/wp\/v2\/media?parent=2916"}],"wp:term":[{"taxonomy":"product_brand","embeddable":true,"href":"https:\/\/nadas3darchive.com\/tr\/wp-json\/wp\/v2\/product_brand?post=2916"},{"taxonomy":"product_cat","embeddable":true,"href":"https:\/\/nadas3darchive.com\/tr\/wp-json\/wp\/v2\/product_cat?post=2916"},{"taxonomy":"product_tag","embeddable":true,"href":"https:\/\/nadas3darchive.com\/tr\/wp-json\/wp\/v2\/product_tag?post=2916"}],"curies":[{"name":"wp","href":"https:\/\/api.w.org\/{rel}","templated":true}]}}